{"id":216,"date":"2024-02-15T14:34:43","date_gmt":"2024-02-15T14:34:43","guid":{"rendered":"https:\/\/thetruthofyourself.org\/?post_type=product&#038;p=216"},"modified":"2024-02-15T14:34:43","modified_gmt":"2024-02-15T14:34:43","slug":"hoodie","status":"publish","type":"product","link":"https:\/\/thetruthofyourself.org\/?product=hoodie","title":{"rendered":"HOODIE"},"content":{"rendered":"<p>Somos fabricantes, el buso es fabricado en algod\u00f3n perchado nacional que ofrece una excelente calidad, ideal para el frio y fresco en climas c\u00e1lidos. Las costuras del buso llevan pespunte, t\u00e9cnica que le da un mejor acabado y una excelente presentaci\u00f3n en su confecci\u00f3n. La fabricaci\u00f3n se realiza desde la talla XS a la XL.<\/p>\n","protected":false},"excerpt":{"rendered":"<p>Hoodie en algod\u00f3n nacional estampado con identidad de la marca<\/p>\n","protected":false},"featured_media":226,"comment_status":"open","ping_status":"closed","template":"","meta":{"om_disable_all_campaigns":false},"product_cat":[8],"product_tag":[5,4],"aioseo_notices":[],"jetpack_sharing_enabled":true,"_links":{"self":[{"href":"https:\/\/thetruthofyourself.org\/index.php?rest_route=\/wp\/v2\/product\/216"}],"collection":[{"href":"https:\/\/thetruthofyourself.org\/index.php?rest_route=\/wp\/v2\/product"}],"about":[{"href":"https:\/\/thetruthofyourself.org\/index.php?rest_route=\/wp\/v2\/types\/product"}],"replies":[{"embeddable":true,"href":"https:\/\/thetruthofyourself.org\/index.php?rest_route=%2Fwp%2Fv2%2Fcomments&post=216"}],"wp:featuredmedia":[{"embeddable":true,"href":"https:\/\/thetruthofyourself.org\/index.php?rest_route=\/wp\/v2\/media\/226"}],"wp:attachment":[{"href":"https:\/\/thetruthofyourself.org\/index.php?rest_route=%2Fwp%2Fv2%2Fmedia&parent=216"}],"wp:term":[{"taxonomy":"product_cat","embeddable":true,"href":"https:\/\/thetruthofyourself.org\/index.php?rest_route=%2Fwp%2Fv2%2Fproduct_cat&post=216"},{"taxonomy":"product_tag","embeddable":true,"href":"https:\/\/thetruthofyourself.org\/index.php?rest_route=%2Fwp%2Fv2%2Fproduct_tag&post=216"}],"curies":[{"name":"wp","href":"https:\/\/api.w.org\/{rel}","templated":true}]}}